{"id":490,"date":"2024-07-14T23:40:43","date_gmt":"2024-07-14T22:40:43","guid":{"rendered":"https:\/\/saludconcon.cl\/?page_id=490"},"modified":"2025-11-26T02:46:38","modified_gmt":"2025-11-26T02:46:38","slug":"fonoaudiologia","status":"publish","type":"page","link":"https:\/\/saludconcon.cl\/index.php\/fonoaudiologia\/","title":{"rendered":"Fonoaudiolog\u00eda"},"content":{"rendered":"\t\t<div data-elementor-type=\"wp-page\" data-elementor-id=\"490\" class=\"elementor elementor-490\" data-elementor-post-type=\"page\">\n\t\t\t\t<div class=\"elementor-element elementor-element-fa14b2d e-flex e-con-boxed e-con e-parent\" data-id=\"fa14b2d\" data-element_type=\"container\">\n\t\t\t\t\t<div class=\"e-con-inner\">\n\t\t<div class=\"elementor-element elementor-element-d76d7a6 e-con-full e-flex e-con e-child\" data-id=\"d76d7a6\" data-element_type=\"container\">\n\t\t\t\t<div class=\"elementor-element elementor-element-21ddb22 elementor-widget elementor-widget-image\" data-id=\"21ddb22\" data-element_type=\"widget\" data-widget_type=\"image.default\">\n\t\t\t\t<div class=\"elementor-widget-container\">\n\t\t\t\t\t\t\t\t\t\t\t\t\t\t\t<img fetchpriority=\"high\" decoding=\"async\" width=\"525\" height=\"700\" src=\"https:\/\/saludconcon.cl\/wp-content\/uploads\/2024\/05\/IMG_2577-768x1024.jpeg\" class=\"attachment-large size-large wp-image-298\" alt=\"\" srcset=\"https:\/\/saludconcon.cl\/wp-content\/uploads\/2024\/05\/IMG_2577-768x1024.jpeg 768w, https:\/\/saludconcon.cl\/wp-content\/uploads\/2024\/05\/IMG_2577-225x300.jpeg 225w, https:\/\/saludconcon.cl\/wp-content\/uploads\/2024\/05\/IMG_2577-1152x1536.jpeg 1152w, https:\/\/saludconcon.cl\/wp-content\/uploads\/2024\/05\/IMG_2577-1536x2048.jpeg 1536w, https:\/\/saludconcon.cl\/wp-content\/uploads\/2024\/05\/IMG_2577-scaled.jpeg 1920w\" sizes=\"(max-width: 525px) 100vw, 525px\" \/>\t\t\t\t\t\t\t\t\t\t\t\t\t\t\t<\/div>\n\t\t\t\t<\/div>\n\t\t\t\t<div class=\"elementor-element elementor-element-c6efb97 elementor-widget elementor-widget-heading\" data-id=\"c6efb97\" data-element_type=\"widget\" data-widget_type=\"heading.default\">\n\t\t\t\t<div class=\"elementor-widget-container\">\n\t\t\t\t\t<h2 class=\"elementor-heading-title elementor-size-default\">Gloria Silva<\/h2>\t\t\t\t<\/div>\n\t\t\t\t<\/div>\n\t\t\t\t<div class=\"elementor-element elementor-element-10c7525 elementor-widget elementor-widget-text-editor\" data-id=\"10c7525\" data-element_type=\"widget\" data-widget_type=\"text-editor.default\">\n\t\t\t\t<div class=\"elementor-widget-container\">\n\t\t\t\t\t\t\t\t\t<p>Fonoaudi\u00f3loga<\/p>\t\t\t\t\t\t\t\t<\/div>\n\t\t\t\t<\/div>\n\t\t\t\t<\/div>\n\t\t<div class=\"elementor-element elementor-element-636e19f e-con-full e-flex e-con e-child\" data-id=\"636e19f\" data-element_type=\"container\">\n\t\t\t\t<div class=\"elementor-element elementor-element-7e49c36 elementor-widget elementor-widget-text-editor\" data-id=\"7e49c36\" data-element_type=\"widget\" data-widget_type=\"text-editor.default\">\n\t\t\t\t<div class=\"elementor-widget-container\">\n\t\t\t\t\t\t\t\t\t<p>Gloria Silva, Licenciada en Fonoaudiolog\u00eda.<\/p><p>Estudi\u00f3 Fonoaudiolog\u00eda en la Universidad Santo Tom\u00e1s, sede de Vi\u00f1a Del Mar donde termin\u00f3 sus estudios en Enero del a\u00f1o 2016.<\/p><p>En Marzo del mismo a\u00f1o, comenz\u00f3 a trabajar en el \u00e1rea de Educaci\u00f3n en Programas de Integraci\u00f3n Escolar.<\/p><p>Nuestra Fonoaudi\u00f3loga posee 9 a\u00f1os de experiencia trabajando en Programas de Integraci\u00f3n Escolar con ni\u00f1os y adolescentes; realizando evaluaci\u00f3n, diagn\u00f3stico e intervenci\u00f3n a estudiantes con Necesidades Educativas Especiales Transitorias y Permanentes que presentan Trastorno del Lenguaje, Habla y Comunicaci\u00f3n.<\/p><p>Actualmente trabaja en educaci\u00f3n y adem\u00e1s \u00a0realiza atenciones Fonoaudiol\u00f3gicas a domicilio en Conc\u00f3n y Vi\u00f1a del Mar.<\/p>\t\t\t\t\t\t\t\t<\/div>\n\t\t\t\t<\/div>\n\t\t\t\t<\/div>\n\t\t\t\t\t<\/div>\n\t\t\t\t<\/div>\n\t\t<div class=\"elementor-element elementor-element-86452a7 e-flex e-con-boxed e-con e-parent\" data-id=\"86452a7\" data-element_type=\"container\" data-settings=\"{&quot;background_background&quot;:&quot;classic&quot;}\">\n\t\t\t\t\t<div class=\"e-con-inner\">\n\t\t<div class=\"elementor-element elementor-element-92ae3be e-con-full e-flex e-con e-child\" data-id=\"92ae3be\" data-element_type=\"container\" data-settings=\"{&quot;background_background&quot;:&quot;classic&quot;}\">\n\t\t<div class=\"elementor-element elementor-element-3353fd4 e-flex e-con-boxed e-con e-child\" data-id=\"3353fd4\" data-element_type=\"container\" data-settings=\"{&quot;motion_fx_motion_fx_scrolling&quot;:&quot;yes&quot;,&quot;motion_fx_translateY_effect&quot;:&quot;yes&quot;,&quot;motion_fx_translateY_speed&quot;:{&quot;unit&quot;:&quot;px&quot;,&quot;size&quot;:4,&quot;sizes&quot;:[]},&quot;motion_fx_translateY_affectedRange&quot;:{&quot;unit&quot;:&quot;%&quot;,&quot;size&quot;:&quot;&quot;,&quot;sizes&quot;:{&quot;start&quot;:0,&quot;end&quot;:100}},&quot;motion_fx_devices&quot;:[&quot;desktop&quot;,&quot;tablet&quot;,&quot;mobile&quot;]}\">\n\t\t\t\t\t<div class=\"e-con-inner\">\n\t\t\t\t<div class=\"elementor-element elementor-element-3039855 elementor-widget elementor-widget-heading\" data-id=\"3039855\" data-element_type=\"widget\" data-widget_type=\"heading.default\">\n\t\t\t\t<div class=\"elementor-widget-container\">\n\t\t\t\t\t<h5 class=\"elementor-heading-title elementor-size-default\">Nuestro compromiso<\/h5>\t\t\t\t<\/div>\n\t\t\t\t<\/div>\n\t\t\t\t<div class=\"elementor-element elementor-element-051a581 elementor-widget elementor-widget-heading\" data-id=\"051a581\" data-element_type=\"widget\" data-widget_type=\"heading.default\">\n\t\t\t\t<div class=\"elementor-widget-container\">\n\t\t\t\t\t<h2 class=\"elementor-heading-title elementor-size-default\">Fonoaudi\u00f3loga especialista en lenguaje infantil<\/h2>\t\t\t\t<\/div>\n\t\t\t\t<\/div>\n\t\t\t\t<div class=\"elementor-element elementor-element-5dfb7b4 elementor-widget elementor-widget-text-editor\" data-id=\"5dfb7b4\" data-element_type=\"widget\" data-widget_type=\"text-editor.default\">\n\t\t\t\t<div class=\"elementor-widget-container\">\n\t\t\t\t\t\t\t\t\t<p>Evaluaci\u00f3n, diagn\u00f3stico e intervenci\u00f3n a ni\u00f1os, ni\u00f1as y adolescentes con Necesidades Educativas Especiales Transitorias y Permanentes.<\/p>\t\t\t\t\t\t\t\t<\/div>\n\t\t\t\t<\/div>\n\t\t\t\t\t<\/div>\n\t\t\t\t<\/div>\n\t\t<div class=\"elementor-element elementor-element-ef5a0d3 e-con-full e-flex e-con e-child\" data-id=\"ef5a0d3\" data-element_type=\"container\" data-settings=\"{&quot;motion_fx_motion_fx_scrolling&quot;:&quot;yes&quot;,&quot;motion_fx_translateY_effect&quot;:&quot;yes&quot;,&quot;motion_fx_translateY_speed&quot;:{&quot;unit&quot;:&quot;px&quot;,&quot;size&quot;:4,&quot;sizes&quot;:[]},&quot;motion_fx_translateY_affectedRange&quot;:{&quot;unit&quot;:&quot;%&quot;,&quot;size&quot;:&quot;&quot;,&quot;sizes&quot;:{&quot;start&quot;:0,&quot;end&quot;:100}},&quot;motion_fx_devices&quot;:[&quot;desktop&quot;,&quot;tablet&quot;,&quot;mobile&quot;]}\">\n\t\t<div class=\"elementor-element elementor-element-cbb8054 e-con-full e-flex e-con e-child\" data-id=\"cbb8054\" data-element_type=\"container\" data-settings=\"{&quot;background_background&quot;:&quot;classic&quot;}\">\n\t\t\t\t<div class=\"elementor-element elementor-element-4855da3 elementor-widget elementor-widget-heading\" data-id=\"4855da3\" data-element_type=\"widget\" data-widget_type=\"heading.default\">\n\t\t\t\t<div class=\"elementor-widget-container\">\n\t\t\t\t\t<h3 class=\"elementor-heading-title elementor-size-default\">01<\/h3>\t\t\t\t<\/div>\n\t\t\t\t<\/div>\n\t\t\t\t<div class=\"elementor-element elementor-element-1920a6a elementor-widget elementor-widget-heading\" data-id=\"1920a6a\" data-element_type=\"widget\" data-widget_type=\"heading.default\">\n\t\t\t\t<div class=\"elementor-widget-container\">\n\t\t\t\t\t<h2 class=\"elementor-heading-title elementor-size-default\">Evaluaci\u00f3n temprana<\/h2>\t\t\t\t<\/div>\n\t\t\t\t<\/div>\n\t\t\t\t<div class=\"elementor-element elementor-element-6f174a4 elementor-widget elementor-widget-text-editor\" data-id=\"6f174a4\" data-element_type=\"widget\" data-widget_type=\"text-editor.default\">\n\t\t\t\t<div class=\"elementor-widget-container\">\n\t\t\t\t\t\t\t\t\t<p>Apoyo integral adaptado a las necesidades espec\u00edficas de cada ni\u00f1o\/a.<\/p>\t\t\t\t\t\t\t\t<\/div>\n\t\t\t\t<\/div>\n\t\t\t\t<\/div>\n\t\t<div class=\"elementor-element elementor-element-5ad9727 e-con-full e-flex e-con e-child\" data-id=\"5ad9727\" data-element_type=\"container\" data-settings=\"{&quot;background_background&quot;:&quot;classic&quot;}\">\n\t\t\t\t<div class=\"elementor-element elementor-element-313ac48 elementor-widget elementor-widget-heading\" data-id=\"313ac48\" data-element_type=\"widget\" data-widget_type=\"heading.default\">\n\t\t\t\t<div class=\"elementor-widget-container\">\n\t\t\t\t\t<h3 class=\"elementor-heading-title elementor-size-default\">02<\/h3>\t\t\t\t<\/div>\n\t\t\t\t<\/div>\n\t\t\t\t<div class=\"elementor-element elementor-element-4cac98a elementor-widget elementor-widget-heading\" data-id=\"4cac98a\" data-element_type=\"widget\" data-widget_type=\"heading.default\">\n\t\t\t\t<div class=\"elementor-widget-container\">\n\t\t\t\t\t<h2 class=\"elementor-heading-title elementor-size-default\">Lenguaje y comunicaci\u00f3n<\/h2>\t\t\t\t<\/div>\n\t\t\t\t<\/div>\n\t\t\t\t<div class=\"elementor-element elementor-element-5e8b4bf elementor-widget elementor-widget-text-editor\" data-id=\"5e8b4bf\" data-element_type=\"widget\" data-widget_type=\"text-editor.default\">\n\t\t\t\t<div class=\"elementor-widget-container\">\n\t\t\t\t\t\t\t\t\t<ul><li>Evaluaci\u00f3n e Intervenci\u00f3n de Trastornos del Lenguaje.<\/li><li>Evaluaci\u00f3n e Intervenci\u00f3n de Trastorno de los sonidos del Habla.<\/li><li>Evaluaci\u00f3n e Intervenci\u00f3n de Trastornos de la Comunicaci\u00f3n.<\/li><\/ul>\t\t\t\t\t\t\t\t<\/div>\n\t\t\t\t<\/div>\n\t\t\t\t<\/div>\n\t\t<div class=\"elementor-element elementor-element-1cf3674 e-con-full e-flex e-con e-child\" data-id=\"1cf3674\" data-element_type=\"container\" data-settings=\"{&quot;background_background&quot;:&quot;classic&quot;}\">\n\t\t\t\t<div class=\"elementor-element elementor-element-9f22f1a elementor-widget elementor-widget-heading\" data-id=\"9f22f1a\" data-element_type=\"widget\" data-widget_type=\"heading.default\">\n\t\t\t\t<div class=\"elementor-widget-container\">\n\t\t\t\t\t<h3 class=\"elementor-heading-title elementor-size-default\">03<\/h3>\t\t\t\t<\/div>\n\t\t\t\t<\/div>\n\t\t\t\t<div class=\"elementor-element elementor-element-7276b3a elementor-widget elementor-widget-heading\" data-id=\"7276b3a\" data-element_type=\"widget\" data-widget_type=\"heading.default\">\n\t\t\t\t<div class=\"elementor-widget-container\">\n\t\t\t\t\t<h2 class=\"elementor-heading-title elementor-size-default\">Herramientas de comunicaci\u00f3n<\/h2>\t\t\t\t<\/div>\n\t\t\t\t<\/div>\n\t\t\t\t<div class=\"elementor-element elementor-element-0e7e545 elementor-widget elementor-widget-text-editor\" data-id=\"0e7e545\" data-element_type=\"widget\" data-widget_type=\"text-editor.default\">\n\t\t\t\t<div class=\"elementor-widget-container\">\n\t\t\t\t\t\t\t\t\t<p><span style=\"font-family: var( --e-global-typography-text-font-family ), Sans-serif; font-size: var( --e-global-typography-text-font-size ); text-align: var(--text-align);\">Apoyo integral adaptado a las necesidades espec\u00edficas de cada ni\u00f1o\/a.<\/span><\/p>\t\t\t\t\t\t\t\t<\/div>\n\t\t\t\t<\/div>\n\t\t\t\t<\/div>\n\t\t\t\t<\/div>\n\t\t\t\t<\/div>\n\t\t\t\t\t<\/div>\n\t\t\t\t<\/div>\n\t\t<div class=\"elementor-element elementor-element-7cc3634 e-flex e-con-boxed e-con e-parent\" data-id=\"7cc3634\" data-element_type=\"container\" data-settings=\"{&quot;background_background&quot;:&quot;classic&quot;}\">\n\t\t\t\t\t<div class=\"e-con-inner\">\n\t\t<div class=\"elementor-element elementor-element-3c375d0 e-con-full e-flex e-con e-child\" data-id=\"3c375d0\" data-element_type=\"container\">\n\t\t\t\t<div class=\"elementor-element elementor-element-9db232f elementor-blockquote--skin-border elementor-widget elementor-widget-blockquote\" data-id=\"9db232f\" data-element_type=\"widget\" data-widget_type=\"blockquote.default\">\n\t\t\t\t<div class=\"elementor-widget-container\">\n\t\t\t\t\t\t\t<blockquote class=\"elementor-blockquote\">\n\t\t\t<p class=\"elementor-blockquote__content\">\n\t\t\t\tMi pasi\u00f3n por trabajar con ni\u00f1os y mi compromiso con ellos y sus familias aseguran que tu hijo\/a reciba la mejor atenci\u00f3n posible.\n\u00a1Cont\u00e1ctanos hoy mismo para programar una consulta inicial!.\t\t\t<\/p>\n\t\t\t\t\t\t\t<div class=\"e-q-footer\">\n\t\t\t\t\t\t\t\t\t\t\t<cite class=\"elementor-blockquote__author\">Flga. Gloria Silva<\/cite>\n\t\t\t\t\t\t\t\t\t\t\t\t\t\t<\/div>\n\t\t\t\t\t<\/blockquote>\n\t\t\t\t\t\t<\/div>\n\t\t\t\t<\/div>\n\t\t\t\t<\/div>\n\t\t<div class=\"elementor-element elementor-element-9201441 e-con-full e-flex e-con e-child\" data-id=\"9201441\" data-element_type=\"container\">\n\t\t\t\t<div class=\"elementor-element elementor-element-89ffc1b elementor-widget elementor-widget-image\" data-id=\"89ffc1b\" data-element_type=\"widget\" data-widget_type=\"image.default\">\n\t\t\t\t<div class=\"elementor-widget-container\">\n\t\t\t\t\t\t\t\t\t\t\t\t\t\t\t\t<a href=\"https:\/\/www.instagram.com\/saludconcon\/\">\n\t\t\t\t\t\t\t<img decoding=\"async\" width=\"525\" height=\"525\" src=\"https:\/\/saludconcon.cl\/wp-content\/uploads\/2024\/10\/instagram-icon-1024x1024.png\" class=\"attachment-large size-large wp-image-669\" alt=\"\" srcset=\"https:\/\/saludconcon.cl\/wp-content\/uploads\/2024\/10\/instagram-icon-1024x1024.png 1024w, https:\/\/saludconcon.cl\/wp-content\/uploads\/2024\/10\/instagram-icon-300x300.png 300w, https:\/\/saludconcon.cl\/wp-content\/uploads\/2024\/10\/instagram-icon-150x150.png 150w, https:\/\/saludconcon.cl\/wp-content\/uploads\/2024\/10\/instagram-icon-768x768.png 768w, https:\/\/saludconcon.cl\/wp-content\/uploads\/2024\/10\/instagram-icon-100x100.png 100w, https:\/\/saludconcon.cl\/wp-content\/uploads\/2024\/10\/instagram-icon.png 1255w\" sizes=\"(max-width: 525px) 100vw, 525px\" \/>\t\t\t\t\t\t\t\t<\/a>\n\t\t\t\t\t\t\t\t\t\t\t\t\t\t\t<\/div>\n\t\t\t\t<\/div>\n\t\t\t\t<div class=\"elementor-element elementor-element-72b520d elementor-widget elementor-widget-text-editor\" data-id=\"72b520d\" data-element_type=\"widget\" data-widget_type=\"text-editor.default\">\n\t\t\t\t<div class=\"elementor-widget-container\">\n\t\t\t\t\t\t\t\t\t<p>Siguenos en Instagram, para mantenerte al tanto de toda la informaci\u00f3n que subimos constantemente. Haz click en el icono.<\/p>\t\t\t\t\t\t\t\t<\/div>\n\t\t\t\t<\/div>\n\t\t\t\t<\/div>\n\t\t\t\t\t<\/div>\n\t\t\t\t<\/div>\n\t\t\t\t<\/div>\n\t\t","protected":false},"excerpt":{"rendered":"<p>Gloria Silva Fonoaudi\u00f3loga Gloria Silva, Licenciada en Fonoaudiolog\u00eda. Estudi\u00f3 Fonoaudiolog\u00eda en la Universidad Santo Tom\u00e1s, sede de Vi\u00f1a Del Mar donde termin\u00f3 sus estudios en Enero del a\u00f1o 2016. En Marzo del mismo a\u00f1o, comenz\u00f3 a trabajar en el \u00e1rea de Educaci\u00f3n en Programas de Integraci\u00f3n Escolar. Nuestra Fonoaudi\u00f3loga posee 9 a\u00f1os de experiencia trabajando [&hellip;]<\/p>\n","protected":false},"author":1,"featured_media":0,"parent":0,"menu_order":0,"comment_status":"closed","ping_status":"closed","template":"","meta":{"_monsterinsights_skip_tracking":false,"_monsterinsights_sitenote_active":false,"_monsterinsights_sitenote_note":"","_monsterinsights_sitenote_category":0,"footnotes":""},"class_list":["post-490","page","type-page","status-publish","hentry"],"aioseo_notices":[],"_links":{"self":[{"href":"https:\/\/saludconcon.cl\/index.php\/wp-json\/wp\/v2\/pages\/490","targetHints":{"allow":["GET"]}}],"collection":[{"href":"https:\/\/saludconcon.cl\/index.php\/wp-json\/wp\/v2\/pages"}],"about":[{"href":"https:\/\/saludconcon.cl\/index.php\/wp-json\/wp\/v2\/types\/page"}],"author":[{"embeddable":true,"href":"https:\/\/saludconcon.cl\/index.php\/wp-json\/wp\/v2\/users\/1"}],"replies":[{"embeddable":true,"href":"https:\/\/saludconcon.cl\/index.php\/wp-json\/wp\/v2\/comments?post=490"}],"version-history":[{"count":52,"href":"https:\/\/saludconcon.cl\/index.php\/wp-json\/wp\/v2\/pages\/490\/revisions"}],"predecessor-version":[{"id":999,"href":"https:\/\/saludconcon.cl\/index.php\/wp-json\/wp\/v2\/pages\/490\/revisions\/999"}],"wp:attachment":[{"href":"https:\/\/saludconcon.cl\/index.php\/wp-json\/wp\/v2\/media?parent=490"}],"curies":[{"name":"wp","href":"https:\/\/api.w.org\/{rel}","templated":true}]}}